{"id":73,"date":"2022-08-24T09:05:54","date_gmt":"2022-08-24T09:05:54","guid":{"rendered":"https:\/\/sombrero.wendo-aargau.ch\/?page_id=73"},"modified":"2022-09-28T05:18:48","modified_gmt":"2022-09-28T05:18:48","slug":"links","status":"publish","type":"page","link":"https:\/\/gewalt-frei.ch\/index.php\/links\/","title":{"rendered":"Links"},"content":{"rendered":"<p>[et_pb_section fb_built=&#8220;1&#8243; custom_padding_last_edited=&#8220;on|desktop&#8220; admin_label=&#8220;Header&#8220; _builder_version=&#8220;4.18.0&#8243; background_color=&#8220;#edc0c0&#8243; use_background_color_gradient=&#8220;on&#8220; background_color_gradient_type=&#8220;circular&#8220; background_color_gradient_stops=&#8220;#ecd1d1 0%|#ed9c9c 100%&#8220; background_enable_image=&#8220;off&#8220; background_size=&#8220;contain&#8220; background_position=&#8220;top_right&#8220; background_horizontal_offset=&#8220;-58%&#8220; background_vertical_offset=&#8220;24%&#8220; min_height=&#8220;227px&#8220; height=&#8220;505px&#8220; custom_margin=&#8220;||-88px|||&#8220; custom_padding=&#8220;20px||||false|false&#8220; custom_padding_tablet=&#8220;140px|0px|50px|0px|false|false&#8220; custom_padding_phone=&#8220;120px|||&#8220; global_colors_info=&#8220;{}&#8220;][et_pb_row column_structure=&#8220;1_2,1_2&#8243; _builder_version=&#8220;4.16&#8243; max_width=&#8220;1280px&#8220; use_custom_width=&#8220;on&#8220; custom_width_px=&#8220;1280px&#8220; global_colors_info=&#8220;{}&#8220;][et_pb_column type=&#8220;1_2&#8243; _builder_version=&#8220;4.16&#8243; custom_padding=&#8220;|||&#8220; global_colors_info=&#8220;{}&#8220; custom_padding__hover=&#8220;|||&#8220;][et_pb_text _builder_version=&#8220;4.16&#8243; text_font=&#8220;||||||||&#8220; text_font_size=&#8220;18px&#8220; text_line_height=&#8220;2em&#8220; header_font=&#8220;EB Garamond||||||||&#8220; header_font_size=&#8220;60px&#8220; header_line_height=&#8220;1.3em&#8220; max_width=&#8220;600px&#8220; custom_padding=&#8220;||0px|||&#8220; text_font_size_tablet=&#8220;&#8220; text_font_size_phone=&#8220;15px&#8220; text_font_size_last_edited=&#8220;on|phone&#8220; text_line_height_tablet=&#8220;&#8220; text_line_height_phone=&#8220;1.6em&#8220; text_line_height_last_edited=&#8220;on|phone&#8220; header_font_size_tablet=&#8220;50px&#8220; header_font_size_phone=&#8220;32px&#8220; header_font_size_last_edited=&#8220;on|phone&#8220; global_colors_info=&#8220;{}&#8220;]<\/p>\n<h1>N\u00fctzliche Links<\/h1>\n<p>Die Sammlung ist noch am Wachsen. Falls Sie noch weitere n\u00fctzliche Stellen und Weblinks zu den Themen Gewaltpr\u00e4vention allgemein und in der Pflege haben, k\u00f6nnen Sie diese gerne mit dem Knopf unten an der Seite einreichen.<\/p>\n<p>[\/et_pb_text][\/et_pb_column][et_pb_column type=&#8220;1_2&#8243; _builder_version=&#8220;4.16&#8243; custom_padding=&#8220;|||&#8220; global_colors_info=&#8220;{}&#8220; custom_padding__hover=&#8220;|||&#8220;][et_pb_image src=&#8220;https:\/\/gewalt-frei.ch\/wp-content\/uploads\/2022\/09\/gewalt-frei-Logo-rund-mit-Text-transparent-optimiert-1.png&#8220; title_text=&#8220;gewalt-frei Logo rund mit Text transparent optimiert&#8220; _builder_version=&#8220;4.18.0&#8243; _module_preset=&#8220;default&#8220; width=&#8220;75%&#8220; global_colors_info=&#8220;{}&#8220;][\/et_pb_image][\/et_pb_column][\/et_pb_row][\/et_pb_section][et_pb_section fb_built=&#8220;1&#8243; admin_label=&#8220;Courses&#8220; _builder_version=&#8220;4.18.0&#8243; custom_padding=&#8220;30px|0px|80px|0px|false|false&#8220; global_colors_info=&#8220;{}&#8220;][et_pb_row custom_padding_last_edited=&#8220;on|phone&#8220; _builder_version=&#8220;4.18.0&#8243; background_color=&#8220;#ffffff&#8220; max_width=&#8220;1280px&#8220; custom_margin=&#8220;60px||||false|false&#8220; custom_padding=&#8220;20px|40px|20px|40px|true|false&#8220; custom_padding_tablet=&#8220;&#8220; custom_padding_phone=&#8220;|20px||20px||true&#8220; animation_style=&#8220;zoom&#8220; animation_intensity_zoom=&#8220;2%&#8220; border_radii=&#8220;on|12px|12px|12px|12px&#8220; box_shadow_style=&#8220;preset1&#8243; box_shadow_vertical=&#8220;50px&#8220; box_shadow_blur=&#8220;80px&#8220; box_shadow_color=&#8220;rgba(15,19,25,0.1)&#8220; use_custom_width=&#8220;on&#8220; custom_width_px=&#8220;1280px&#8220; global_colors_info=&#8220;{}&#8220;][et_pb_column type=&#8220;4_4&#8243; _builder_version=&#8220;4.16&#8243; custom_padding=&#8220;|||&#8220; global_colors_info=&#8220;{}&#8220; custom_padding__hover=&#8220;|||&#8220;][et_pb_text _builder_version=&#8220;4.18.0&#8243; text_font=&#8220;||||||||&#8220; text_font_size=&#8220;15px&#8220; text_line_height=&#8220;1.5em&#8220; header_font=&#8220;||||||||&#8220; header_2_font=&#8220;||||||||&#8220; header_3_font=&#8220;EB Garamond||||||||&#8220; header_3_font_size=&#8220;24px&#8220; header_3_line_height=&#8220;1.4em&#8220; header_4_font=&#8220;|700||on|||||&#8220; header_4_text_color=&#8220;#ffdaa4&#8243; header_4_font_size=&#8220;12px&#8220; header_4_letter_spacing=&#8220;2px&#8220; header_4_line_height=&#8220;2em&#8220; text_line_height_tablet=&#8220;&#8220; text_line_height_phone=&#8220;1.6em&#8220; text_line_height_last_edited=&#8220;on|phone&#8220; locked=&#8220;off&#8220; global_colors_info=&#8220;{}&#8220;]<\/p>\n<h3>Allgemein<\/h3>\n<p>Eidgen\u00f6ssisches B\u00fcro f\u00fcr die Gleichstellung von Mann und Frau : <a href=\"https:\/\/www.ebg.admin.ch\/ebg\/de\/home\/themen\/arbeit\/sexuelle-belaestigung-am-arbeitsplatz.html\">https:\/\/www.ebg.admin.ch\/ebg\/de\/home\/themen\/arbeit\/sexuelle-belaestigung-am-arbeitsplatz.html<\/a><\/p>\n<p>SBK Schweiz: <a href=\"https:\/\/www.sbk.ch\/\">https:\/\/www.sbk.ch\/<\/a><\/p>\n<p>Bel\u00e4stigung am Arbeitsplatz: <a href=\"https:\/\/belaestigt.ch\/\">https:\/\/belaestigt.ch\/<\/a><\/p>\n<p>Mobbing: <a href=\"https:\/\/www.fachstelle-mobbing.ch\/fuer-arbeitgeber\">https:\/\/www.fachstelle-mobbing.ch\/fuer-arbeitgeber<\/a><\/p>\n<p>Gewerkschaft VPOD: <a href=\"https:\/\/vpod.ch\/\">https:\/\/vpod.ch\/<\/a><\/p>\n<p>[\/et_pb_text][\/et_pb_column][\/et_pb_row][et_pb_row custom_padding_last_edited=&#8220;on|phone&#8220; _builder_version=&#8220;4.18.0&#8243; background_color=&#8220;#ffffff&#8220; max_width=&#8220;1280px&#8220; custom_margin=&#8220;60px||||false|false&#8220; custom_padding=&#8220;20px|40px|20px|40px|true|false&#8220; custom_padding_tablet=&#8220;&#8220; custom_padding_phone=&#8220;|20px||20px||true&#8220; animation_style=&#8220;zoom&#8220; animation_intensity_zoom=&#8220;2%&#8220; border_radii=&#8220;on|12px|12px|12px|12px&#8220; box_shadow_style=&#8220;preset1&#8243; box_shadow_vertical=&#8220;50px&#8220; box_shadow_blur=&#8220;80px&#8220; box_shadow_color=&#8220;rgba(15,19,25,0.1)&#8220; use_custom_width=&#8220;on&#8220; custom_width_px=&#8220;1280px&#8220; global_colors_info=&#8220;{}&#8220;][et_pb_column type=&#8220;4_4&#8243; _builder_version=&#8220;4.16&#8243; custom_padding=&#8220;|||&#8220; global_colors_info=&#8220;{}&#8220; custom_padding__hover=&#8220;|||&#8220;][et_pb_text _builder_version=&#8220;4.18.0&#8243; text_font=&#8220;||||||||&#8220; text_font_size=&#8220;15px&#8220; text_line_height=&#8220;1.5em&#8220; header_font=&#8220;||||||||&#8220; header_2_font=&#8220;||||||||&#8220; header_3_font=&#8220;EB Garamond||||||||&#8220; header_3_font_size=&#8220;24px&#8220; header_3_line_height=&#8220;1.4em&#8220; header_4_font=&#8220;|700||on|||||&#8220; header_4_text_color=&#8220;#ffdaa4&#8243; header_4_font_size=&#8220;12px&#8220; header_4_letter_spacing=&#8220;2px&#8220; header_4_line_height=&#8220;2em&#8220; text_line_height_tablet=&#8220;&#8220; text_line_height_phone=&#8220;1.6em&#8220; text_line_height_last_edited=&#8220;on|phone&#8220; locked=&#8220;off&#8220; global_colors_info=&#8220;{}&#8220;]<\/p>\n<h3>F\u00fcr Frauen<\/h3>\n<h4><\/h4>\n<p>Frauenh\u00e4user Schweiz:\u00a0<a href=\"http:\/\/www.frauenhaus-schweiz.ch\/\">http:\/\/www.frauenhaus-schweiz.ch<\/a><\/p>\n<p>Frauenhaus Aargau Solothurn:\u00a0<a href=\"https:\/\/www.frauenhaus-ag-so.ch\/\">https:\/\/www.frauenhaus-ag-so.ch<\/a><\/p>\n<p>Opferhilfe Aargau:\u00a0<a href=\"https:\/\/opferhilfe-ag-so.ch\/\">https:\/\/opferhilfe-ag-so.ch<\/a><\/p>\n<p>Notfall Frauenklinik KSA:\u00a0<a href=\"https:\/\/www.ksa.ch\/zentren-kliniken\/frauenklinik\">https:\/\/www.ksa.ch\/zentren-kliniken\/frauenklinik<\/a><\/p>\n<p>Dargebotene Hand, Online-Beratung, Informationen und Telefonberatung:\u00a0<a href=\"https:\/\/www.deinadieu.ch\/hilfswerke\/schweizer-verband-dargebotene-hand\">https:\/\/www.deinadieu.ch\/hilfswerke\/schweizer-verband-dargebotene-hand<\/a><\/p>\n<p>Frauenzentrale Aargau :\u00a0<a href=\"https:\/\/www.frauenzentrale-ag.ch\/\">https:\/\/www.frauenzentrale-ag.ch<\/a><\/p>\n<p>sexuelle Bel\u00e4stigung am Arbeitsplatz :\u00a0<a href=\"http:\/\/www.sexuelle-belaestigung.ch\/\">http:\/\/www.sexuelle-belaestigung.ch<\/a><\/p>\n<p>Aids-Hilfe Schweiz\u00a0(Informationen zur Aids-Pr\u00e4vention):\u00a0<a href=\"https:\/\/aids.ch\/\">https:\/\/aids.ch<\/a><\/p>\n<p>Sexuelle Gesundheit Aargau :\u00a0<a href=\"https:\/\/seges.ch\/\">https:\/\/seges.ch<\/a><\/p>\n<p>LOS\u00a0(Lebensorganisation Schweiz, Schweizer Dachverband f\u00fcr lesbische, bisexuelle und queere Frauen:\u00a0<a href=\"https:\/\/www.los.ch\/\">https:\/\/www.los.ch<\/a><\/p>\n<p>[\/et_pb_text][\/et_pb_column][\/et_pb_row][et_pb_row custom_padding_last_edited=&#8220;on|phone&#8220; _builder_version=&#8220;4.18.0&#8243; background_color=&#8220;#ffffff&#8220; max_width=&#8220;1280px&#8220; custom_margin=&#8220;60px||||false|false&#8220; custom_padding=&#8220;20px|40px|20px|40px|true|false&#8220; custom_padding_tablet=&#8220;&#8220; custom_padding_phone=&#8220;|20px||20px||true&#8220; animation_style=&#8220;zoom&#8220; animation_intensity_zoom=&#8220;2%&#8220; border_radii=&#8220;on|12px|12px|12px|12px&#8220; box_shadow_style=&#8220;preset1&#8243; box_shadow_vertical=&#8220;50px&#8220; box_shadow_blur=&#8220;80px&#8220; box_shadow_color=&#8220;rgba(15,19,25,0.1)&#8220; use_custom_width=&#8220;on&#8220; custom_width_px=&#8220;1280px&#8220; global_colors_info=&#8220;{}&#8220;][et_pb_column type=&#8220;4_4&#8243; _builder_version=&#8220;4.16&#8243; custom_padding=&#8220;|||&#8220; global_colors_info=&#8220;{}&#8220; custom_padding__hover=&#8220;|||&#8220;][et_pb_text _builder_version=&#8220;4.18.0&#8243; text_font=&#8220;||||||||&#8220; text_font_size=&#8220;15px&#8220; text_line_height=&#8220;1.5em&#8220; header_font=&#8220;||||||||&#8220; header_2_font=&#8220;||||||||&#8220; header_3_font=&#8220;EB Garamond||||||||&#8220; header_3_font_size=&#8220;24px&#8220; header_3_line_height=&#8220;1.4em&#8220; header_4_font=&#8220;|700||on|||||&#8220; header_4_text_color=&#8220;#ffdaa4&#8243; header_4_font_size=&#8220;12px&#8220; header_4_letter_spacing=&#8220;2px&#8220; header_4_line_height=&#8220;2em&#8220; text_line_height_tablet=&#8220;&#8220; text_line_height_phone=&#8220;1.6em&#8220; text_line_height_last_edited=&#8220;on|phone&#8220; locked=&#8220;off&#8220; global_colors_info=&#8220;{}&#8220;]<\/p>\n<h3>Wen-Do<\/h3>\n<h4><\/h4>\n<p>Wen-Do Schweiz:\u00a0<a href=\"https:\/\/www.wendo.ch\/\">https:\/\/www.wendo.ch<\/a><\/p>\n<p>Wen-Do Bern:\u00a0<a href=\"https:\/\/www.wendobern.ch\/\">https:\/\/www.wendobern.ch<\/a><\/p>\n<p>Wen-Do Basel:\u00a0<a href=\"https:\/\/wendo-basel.info\/\">https:\/\/wendo-basel.info<\/a><\/p>\n<p>Wen-Do Z\u00fcrich:\u00a0<a href=\"https:\/\/www.wendo-zuerich.ch\/\">https:\/\/www.wendo-zuerich.ch<\/a><\/p>\n<p>Wen-Do St.Gallen:\u00a0<a href=\"https:\/\/wendo-sg.ch\/\">https:\/\/wendo-sg.ch<\/a><\/p>\n<p>Wen- Do Baden:\u00a0<a href=\"https:\/\/www.diana-wendo.com\/\">https:\/\/www.diana-wendo.com<\/a><\/p>\n<p>[\/et_pb_text][\/et_pb_column][\/et_pb_row][et_pb_row custom_padding_last_edited=&#8220;on|phone&#8220; _builder_version=&#8220;4.18.0&#8243; background_color=&#8220;#ffffff&#8220; max_width=&#8220;1280px&#8220; custom_margin=&#8220;60px||||false|false&#8220; custom_padding=&#8220;20px|40px|20px|40px|true|false&#8220; custom_padding_tablet=&#8220;&#8220; custom_padding_phone=&#8220;|20px||20px||true&#8220; animation_style=&#8220;zoom&#8220; animation_intensity_zoom=&#8220;2%&#8220; border_radii=&#8220;on|12px|12px|12px|12px&#8220; box_shadow_style=&#8220;preset1&#8243; box_shadow_vertical=&#8220;50px&#8220; box_shadow_blur=&#8220;80px&#8220; box_shadow_color=&#8220;rgba(15,19,25,0.1)&#8220; use_custom_width=&#8220;on&#8220; custom_width_px=&#8220;1280px&#8220; global_colors_info=&#8220;{}&#8220;][et_pb_column type=&#8220;4_4&#8243; _builder_version=&#8220;4.16&#8243; custom_padding=&#8220;|||&#8220; global_colors_info=&#8220;{}&#8220; custom_padding__hover=&#8220;|||&#8220;][et_pb_text _builder_version=&#8220;4.18.0&#8243; text_font=&#8220;||||||||&#8220; text_font_size=&#8220;15px&#8220; text_line_height=&#8220;1.5em&#8220; header_font=&#8220;||||||||&#8220; header_2_font=&#8220;||||||||&#8220; header_3_font=&#8220;EB Garamond||||||||&#8220; header_3_font_size=&#8220;24px&#8220; header_3_line_height=&#8220;1.4em&#8220; header_4_font=&#8220;|700||on|||||&#8220; header_4_text_color=&#8220;#ffdaa4&#8243; header_4_font_size=&#8220;12px&#8220; header_4_letter_spacing=&#8220;2px&#8220; header_4_line_height=&#8220;2em&#8220; text_line_height_tablet=&#8220;&#8220; text_line_height_phone=&#8220;1.6em&#8220; text_line_height_last_edited=&#8220;on|phone&#8220; locked=&#8220;off&#8220; global_colors_info=&#8220;{}&#8220;]<\/p>\n<h3>F\u00fcr Kinder und Jugendliche<\/h3>\n<p>Opferhilfe Aargau:\u00a0<a href=\"https:\/\/opferhilfe-ag-so.ch\/\">https:\/\/opferhilfe-ag-so.ch<\/a><\/p>\n<p>Pro Juventute, Online-Beratung, Informationen und Telefonberatung:\u00a0<a href=\"http:\/\/www.147.ch\/\">www.147.ch<\/a><\/p>\n<p>Kinderspital Aarau: Notfallnummer: \u00a0<a href=\"tel:\/\/+41628384141\">Tel. +41 62 838 41 41<\/a>\u00a0\u00a0<\/p>\n<p>143\u00a0(Dargebotene Hand, Online-Beratung, Informationen und Telefonberatung:\u00a0<a href=\"https:\/\/www.143.ch\/\">https:\/\/www.143.ch<\/a><\/p>\n<p>M\u00e4dchenhaus, Schutz und Wohnraum f\u00fcr M\u00e4dchen und junge Frauen:\u00a0<a href=\"https:\/\/www.maedchenhaus.ch\/\">https:\/\/www.maedchenhaus.ch<\/a><\/p>\n<p>Schlupfhuus\u00a0(Beratung und vor\u00fcbergehende Wohnungsm\u00f6glichkeit:\u00a0<a href=\"http:\/\/www.schlupfhuus.ch\/\">http:\/\/www.schlupfhuus.ch<\/a><\/p>\n<p>Tschau\u00a0(Online-Beratung und Informationen zu diversen Themen:\u00a0<a href=\"https:\/\/www.tschau.ch\/\">https:\/\/www.tschau.ch<\/a><\/p>\n<p>Castagna\u00a0(Beratungs- und Informationsstelle f\u00fcr sexuell ausgebeutete Menschen):\u00a0<a href=\"https:\/\/www.castagna-zh.ch\/\">https:\/\/www.castagna-zh.ch<\/a><\/p>\n<p>Feel-Ok\u00a0(Gesundheitsplattform f\u00fcr Jugendliche:\u00a0<a href=\"https:\/\/www.feel-ok.ch\/\">https:\/\/www.feel-ok.ch<\/a><\/p>\n<p>Lilli, Online-Beratung und Informationen zu diversen Themen:\u00a0<a href=\"https:\/\/www.lilli.ch\/\">https:\/\/www.lilli.ch<\/a><\/p>\n<p>Sucht Schweiz, Drogen- und Alkoholprobleme:\u00a0<a href=\"https:\/\/www.suchtschweiz.ch\/\">https:\/\/www.suchtschweiz.ch<\/a><\/p>\n<p>SGES\u00a0(Schweizer Gesellschaft zu Essst\u00f6rungen, Infos zu Magersucht, Bulimie und Co. :\u00a0<a href=\"https:\/\/sges-ssta-ssda.ch\/\">https:\/\/sges-ssta-ssda.ch<\/a><\/p>\n<p>Milchjugend, Jugendorganisation f\u00fcr lesbische, schwule, bi, trans, inter und asexuelle Jugendliche und f\u00fcr alle dazwischen und ausserhalb: <a href=\"https:\/\/milchjugend.ch\/\">https:\/\/milchjugend.ch<\/a><\/p>\n<p>&nbsp;<\/p>\n<p><strong>Online Sicherheit:<\/strong><\/p>\n<p>Klicksafe:\u00a0<a href=\"http:\/\/www.klicksafe.de\/\">http:\/\/www.klicksafe.de<\/a><\/p>\n<p>Jugend und Medien:\u00a0<a href=\"http:\/\/www.jugendundmedien.ch\/\">http:\/\/www.jugendundmedien.ch<\/a><\/p>\n<p>[\/et_pb_text][\/et_pb_column][\/et_pb_row][et_pb_row custom_padding_last_edited=&#8220;on|phone&#8220; _builder_version=&#8220;4.18.0&#8243; background_color=&#8220;#ffffff&#8220; max_width=&#8220;1280px&#8220; custom_margin=&#8220;60px||||false|false&#8220; custom_padding=&#8220;20px|40px|20px|40px|true|false&#8220; custom_padding_tablet=&#8220;&#8220; custom_padding_phone=&#8220;|20px||20px||true&#8220; animation_style=&#8220;zoom&#8220; animation_intensity_zoom=&#8220;2%&#8220; border_radii=&#8220;on|12px|12px|12px|12px&#8220; box_shadow_style=&#8220;preset1&#8243; box_shadow_vertical=&#8220;50px&#8220; box_shadow_blur=&#8220;80px&#8220; box_shadow_color=&#8220;rgba(15,19,25,0.1)&#8220; use_custom_width=&#8220;on&#8220; custom_width_px=&#8220;1280px&#8220; locked=&#8220;off&#8220; global_colors_info=&#8220;{}&#8220;][et_pb_column type=&#8220;4_4&#8243; _builder_version=&#8220;4.16&#8243; custom_padding=&#8220;|||&#8220; global_colors_info=&#8220;{}&#8220; custom_padding__hover=&#8220;|||&#8220;][et_pb_text _builder_version=&#8220;4.18.0&#8243; text_font=&#8220;||||||||&#8220; text_font_size=&#8220;15px&#8220; text_line_height=&#8220;1.5em&#8220; header_font=&#8220;||||||||&#8220; header_2_font=&#8220;||||||||&#8220; header_3_font=&#8220;EB Garamond||||||||&#8220; header_3_font_size=&#8220;24px&#8220; header_3_line_height=&#8220;1.4em&#8220; header_4_font=&#8220;|700||on|||||&#8220; header_4_text_color=&#8220;#ffdaa4&#8243; header_4_font_size=&#8220;12px&#8220; header_4_letter_spacing=&#8220;2px&#8220; header_4_line_height=&#8220;2em&#8220; text_line_height_tablet=&#8220;&#8220; text_line_height_phone=&#8220;1.6em&#8220; text_line_height_last_edited=&#8220;on|phone&#8220; locked=&#8220;off&#8220; global_colors_info=&#8220;{}&#8220;]<\/p>\n<h3>Was fehlt noch?<\/h3>\n<h4><\/h4>\n<p>Haben Sie Vorschl\u00e4ge f\u00fcr weitere wertvolle Links f\u00fcr diese Sammlung?<\/p>\n<p>[\/et_pb_text][et_pb_button button_url=&#8220;mailto:info@gewalt-frei.ch?subject=Link-Vorschlag&#038;body=Guten%20Tag%0D%0A%0D%0AFolgender%20Link%20w%C3%A4re%20noch%20gut%20auf%20der%20Website%20gewalt-frei.ch%3A%0D%0A%0D%0A(Link%20einf%C3%BCgen)%0D%0A%0D%0A%0D%0ABeste%20Gr%C3%BCsse%0D%0A(Name%20einf%C3%BCgen)&#8220; url_new_window=&#8220;on&#8220; button_text=&#8220;Link vorschlagen&#8220; button_alignment=&#8220;left&#8220; _builder_version=&#8220;4.18.0&#8243; _module_preset=&#8220;default&#8220; custom_button=&#8220;on&#8220; button_text_size=&#8220;12px&#8220; button_text_color=&#8220;#FFFFFF&#8220; button_bg_color=&#8220;#ed9c9c&#8220; button_border_width=&#8220;10px&#8220; button_border_color=&#8220;rgba(0,0,0,0)&#8220; button_border_radius=&#8220;100px&#8220; button_letter_spacing=&#8220;1px&#8220; button_font=&#8220;|700||on|||||&#8220; custom_padding=&#8220;10px|20px|10px|20px|true|true&#8220; global_colors_info=&#8220;{}&#8220; button_letter_spacing__hover=&#8220;1px&#8220; button_letter_spacing__hover_enabled=&#8220;on&#8220;][\/et_pb_button][\/et_pb_column][\/et_pb_row][\/et_pb_section]<\/p>\n","protected":false},"excerpt":{"rendered":"<p>N\u00fctzliche Links Die Sammlung ist noch am Wachsen. Falls Sie noch weitere n\u00fctzliche Stellen und Weblinks zu den Themen Gewaltpr\u00e4vention allgemein und in der Pflege haben, k\u00f6nnen Sie diese gerne mit dem Knopf unten an der Seite einreichen.Allgemein Eidgen\u00f6ssisches B\u00fcro f\u00fcr die Gleichstellung von Mann und Frau : https:\/\/www.ebg.admin.ch\/ebg\/de\/home\/themen\/arbeit\/sexuelle-belaestigung-am-arbeitsplatz.html SBK Schweiz: https:\/\/www.sbk.ch\/ Bel\u00e4stigung am Arbeitsplatz: [&hellip;]<\/p>\n","protected":false},"author":1,"featured_media":0,"parent":0,"menu_order":0,"comment_status":"closed","ping_status":"closed","template":"","meta":{"_et_pb_use_builder":"on","_et_pb_old_content":"","_et_gb_content_width":"","footnotes":""},"class_list":["post-73","page","type-page","status-publish","hentry"],"_links":{"self":[{"href":"https:\/\/gewalt-frei.ch\/index.php\/wp-json\/wp\/v2\/pages\/73","targetHints":{"allow":["GET"]}}],"collection":[{"href":"https:\/\/gewalt-frei.ch\/index.php\/wp-json\/wp\/v2\/pages"}],"about":[{"href":"https:\/\/gewalt-frei.ch\/index.php\/wp-json\/wp\/v2\/types\/page"}],"author":[{"embeddable":true,"href":"https:\/\/gewalt-frei.ch\/index.php\/wp-json\/wp\/v2\/users\/1"}],"replies":[{"embeddable":true,"href":"https:\/\/gewalt-frei.ch\/index.php\/wp-json\/wp\/v2\/comments?post=73"}],"version-history":[{"count":18,"href":"https:\/\/gewalt-frei.ch\/index.php\/wp-json\/wp\/v2\/pages\/73\/revisions"}],"predecessor-version":[{"id":373,"href":"https:\/\/gewalt-frei.ch\/index.php\/wp-json\/wp\/v2\/pages\/73\/revisions\/373"}],"wp:attachment":[{"href":"https:\/\/gewalt-frei.ch\/index.php\/wp-json\/wp\/v2\/media?parent=73"}],"curies":[{"name":"wp","href":"https:\/\/api.w.org\/{rel}","templated":true}]}}